{"id":10,"date":"2023-04-18T09:31:40","date_gmt":"2023-04-18T01:31:40","guid":{"rendered":"https:\/\/wp.qhdl.cn\/?page_id=10"},"modified":"2025-03-27T11:29:49","modified_gmt":"2025-03-27T03:29:49","slug":"contacto","status":"publish","type":"page","link":"https:\/\/www.twintex-china.com\/pt\/contacto-html","title":{"rendered":"Contacto"},"content":{"rendered":"<section class=\"l-section wpb_row height_large color_secondary with_img\"><div class=\"l-section-img\" role=\"img\" aria-label=\"Imagem\" data-img-width=\"1903\" data-img-height=\"405\" style=\"background-image: url(https:\/\/www.twintex-china.com\/wp-content\/uploads\/2025\/03\/contact-menu-bg2-1.jpg);\"><\/div><div class=\"l-section-h i-cf\"><div class=\"g-cols vc_row via_grid cols_1 laptops-cols_inherit tablets-cols_1 mobiles-cols_1 valign_top type_default reversed stacking_default\" style=\"--columns-gap:0rem;\"><div class=\"wpb_column vc_column_container us_custom_fd43344c\"><div class=\"vc_column-inner\"><nav class=\"g-breadcrumbs separator_icon align_center\" itemscope itemtype=\"http:\/\/schema.org\/BreadcrumbList\"><div class=\"g-breadcrumbs-item\" itemscope itemprop=\"itemListElement\" itemtype=\"http:\/\/schema.org\/ListItem\"><a itemprop=\"item\" href=\"https:\/\/www.twintex-china.com\/pt\/\"><span itemprop=\"name\">In\u00edcio<\/span><\/a><meta itemprop=\"position\" content=\"1\"\/><\/div><div class=\"g-breadcrumbs-separator\"><i class=\"far fa-angle-right\"><\/i><\/div><div class=\"g-breadcrumbs-item\">P\u00e1ginas<\/div><\/nav><h1 class=\"w-text us_custom_11e2a30b\"><span class=\"w-text-h\"><span class=\"w-text-value\">Contactar-nos<\/span><\/span><\/h1><\/div><\/div><\/div><\/div><\/section><section class=\"l-section wpb_row contact1 height_large\"><div class=\"l-section-h i-cf\"><div class=\"g-cols vc_row via_grid cols_1 laptops-cols_inherit tablets-cols_inherit mobiles-cols_1 valign_top type_default stacking_default\"><div class=\"wpb_column vc_column_container\"><div class=\"vc_column-inner\"><div class=\"g-cols wpb_row us_custom_060afc7d lx1 via_grid cols_2 laptops-cols_inherit tablets-cols_inherit mobiles-cols_1 valign_top type_default stacking_default\" style=\"--columns-gap:3rem;\"><div class=\"wpb_column vc_column_container\"><div class=\"vc_column-inner\"><div class=\"wpb_text_column\"><div class=\"wpb_wrapper\"><h3>SEDE<\/h3>\n<\/div><\/div><div class=\"w-separator size_small\"><\/div><div class=\"w-iconbox us_custom_a9db791c iconpos_left style_circle color_custom align_left\"><div class=\"w-iconbox-icon\" style=\"font-size:1rem;--icon-color:#414197;--icon-bg-color:var(--color-header-middle-bg);\"><i class=\"fas fa-map-marker-alt\"><\/i><\/div><div class=\"w-iconbox-meta\"><h5 class=\"w-iconbox-title\">Endere\u00e7o:<\/h5><div class=\"w-iconbox-text\"><p>4F., No.5, Baohong Rd., Xindian Dist., New Taipei City 23145, Taiwan CHINA<\/p>\n<\/div><\/div><\/div><div class=\"w-iconbox us_custom_a9db791c iconpos_left style_circle color_custom align_left\"><div class=\"w-iconbox-icon\" style=\"font-size:1rem;--icon-color:#414197;--icon-bg-color:var(--color-header-middle-bg);\"><i class=\"fas fa-envelope\"><\/i><\/div><div class=\"w-iconbox-meta\"><h5 class=\"w-iconbox-title\">Correio eletr\u00f3nico:<\/h5><div class=\"w-iconbox-text\"><p><a href=\"mailto:info@twintex.com.tw\">info@twintex.com.tw<\/a><\/p>\n<\/div><\/div><\/div><div class=\"w-iconbox us_custom_a9db791c iconpos_left style_circle color_custom align_left\"><div class=\"w-iconbox-icon\" style=\"font-size:1rem;--icon-color:#414197;--icon-bg-color:var(--color-header-middle-bg);\"><i class=\"fas fa-phone-alt\"><\/i><\/div><div class=\"w-iconbox-meta\"><h5 class=\"w-iconbox-title\">Telefone:<\/h5><div class=\"w-iconbox-text\"><p><a href=\"tel:+886-02-29150101\">+886-02-29150101<\/a><\/p>\n<\/div><\/div><\/div><div class=\"w-separator us_custom_de08d4dd size_small\"><\/div><div class=\"wpb_text_column\"><div class=\"wpb_wrapper\"><h3>CHINA<\/h3>\n<\/div><\/div><div class=\"w-separator size_small\"><\/div><div class=\"w-iconbox us_custom_a9db791c iconpos_left style_circle color_custom align_left\"><div class=\"w-iconbox-icon\" style=\"font-size:1rem;--icon-color:#414197;--icon-bg-color:var(--color-header-middle-bg);\"><i class=\"fas fa-map-marker-alt\"><\/i><\/div><div class=\"w-iconbox-meta\"><h5 class=\"w-iconbox-title\">Endere\u00e7o:<\/h5><div class=\"w-iconbox-text\"><p>311 Mingzesheng Bldg., Tongsheng Industrial Park Rd., Dalang Sub-dist., Longhua Dist., Shenzhen, China 518109<\/p>\n<\/div><\/div><\/div><div class=\"w-iconbox us_custom_a9db791c iconpos_left style_circle color_custom align_left\"><div class=\"w-iconbox-icon\" style=\"font-size:1rem;--icon-color:#414197;--icon-bg-color:var(--color-header-middle-bg);\"><i class=\"fas fa-envelope\"><\/i><\/div><div class=\"w-iconbox-meta\"><h5 class=\"w-iconbox-title\">Correio eletr\u00f3nico:<\/h5><div class=\"w-iconbox-text\"><p><a href=\"mailto:sales@twintex-china.com\">sales@twintex-china.com<\/a><\/p>\n<\/div><\/div><\/div><div class=\"w-iconbox us_custom_a9db791c iconpos_left style_circle color_custom align_left\"><div class=\"w-iconbox-icon\" style=\"font-size:1rem;--icon-color:#414197;--icon-bg-color:var(--color-header-middle-bg);\"><i class=\"fas fa-phone-alt\"><\/i><\/div><div class=\"w-iconbox-meta\"><h5 class=\"w-iconbox-title\">Telefone:<\/h5><div class=\"w-iconbox-text\"><p><a href=\"tel:+86-755-28129890\">+86-755-2812 9890<\/a><\/p>\n<\/div><\/div><\/div><\/div><\/div><div class=\"wpb_column vc_column_container\"><div class=\"vc_column-inner\"><div class=\"wpb_text_column\"><div class=\"wpb_wrapper\"><h2>SEDE<\/h2>\n<\/div><\/div><div class=\"wpb_text_column us_custom_a5c70caf\"><div class=\"wpb_wrapper\"><p>Preencha o formul\u00e1rio abaixo e entraremos em contacto consigo no prazo de 24 horas.<\/p>\n<\/div><\/div>\n<div class=\"wpcf7 no-js\" id=\"wpcf7-f32323-o1\" lang=\"en-US\" dir=\"ltr\" data-wpcf7-id=\"32323\">\n<div class=\"screen-reader-response\"><p role=\"status\" aria-live=\"polite\" aria-atomic=\"true\"><\/p> <ul><\/ul><\/div>\n<form action=\"\/pt\/wp-json\/wp\/v2\/pages\/10#wpcf7-f32323-o1\" method=\"post\" class=\"wpcf7-form init\" aria-label=\"Formul\u00e1rio de contacto\" novalidate=\"novalidate\" data-status=\"init\" data-trp-original-action=\"\/pt\/wp-json\/wp\/v2\/pages\/10#wpcf7-f32323-o1\">\n<fieldset class=\"hidden-fields-container\"><input type=\"hidden\" name=\"_wpcf7\" value=\"32323\" \/><input type=\"hidden\" name=\"_wpcf7_version\" value=\"6.1.5\" \/><input type=\"hidden\" name=\"_wpcf7_locale\" value=\"en_US\" \/><input type=\"hidden\" name=\"_wpcf7_unit_tag\" value=\"wpcf7-f32323-o1\" \/><input type=\"hidden\" name=\"_wpcf7_container_post\" value=\"0\" \/><input type=\"hidden\" name=\"_wpcf7_posted_data_hash\" value=\"\" \/><input type=\"hidden\" name=\"_wpcf7dtx_version\" value=\"5.0.5\" \/><input type=\"hidden\" name=\"_wpcf7_recaptcha_response\" value=\"\" \/>\n<\/fieldset>\n<div class=\"contactPage\">\n\t<div class=\"outer\">\n\t\t<div class=\"inner\">\n\t\t\t<p><span class=\"wpcf7-form-control-wrap\" data-name=\"your-name\"><input size=\"40\" maxlength=\"400\" class=\"wpcf7-form-control wpcf7-text wpcf7-validates-as-required\" aria-required=\"true\" aria-invalid=\"false\" placeholder=\"O seu nome*\" value=\"\" type=\"text\" name=\"your-name\" \/><\/span>\n\t\t\t<\/p>\n\t\t<\/div>\n\t\t<div class=\"inner\">\n\t\t\t<p><span class=\"wpcf7-form-control-wrap\" data-name=\"your-email\"><input size=\"40\" maxlength=\"400\" class=\"wpcf7-form-control wpcf7-email wpcf7-validates-as-required wpcf7-text wpcf7-validates-as-email\" aria-required=\"true\" aria-invalid=\"false\" placeholder=\"Endere\u00e7o de correio eletr\u00f3nico*\" value=\"\" type=\"email\" name=\"your-email\" \/><\/span>\n\t\t\t<\/p>\n\t\t<\/div>\n\t<\/div>\n\t<div class=\"outer\">\n\t\t<div class=\"inner\">\n\t\t\t<p><span class=\"wpcf7-form-control-wrap\" data-name=\"your-tel\"><input size=\"40\" maxlength=\"400\" class=\"wpcf7-form-control wpcf7-tel wpcf7-validates-as-required wpcf7-text wpcf7-validates-as-tel\" aria-required=\"true\" aria-invalid=\"false\" placeholder=\"O seu telem\u00f3vel*\" value=\"\" type=\"tel\" name=\"your-tel\" \/><\/span>\n\t\t\t<\/p>\n\t\t<\/div>\n\t\t<div class=\"inner\">\n\t\t\t<p><span class=\"wpcf7-form-control-wrap\" data-name=\"your-country\"><input size=\"40\" maxlength=\"400\" class=\"wpcf7-form-control wpcf7-text wpcf7-validates-as-required\" aria-required=\"true\" aria-invalid=\"false\" placeholder=\"Pa\u00eds ou regi\u00e3o*\" value=\"\" type=\"text\" name=\"your-country\" \/><\/span>\n\t\t\t<\/p>\n\t\t<\/div>\n\t<\/div>\n\t<div style=\"display:none\">\n\t<span class=\"wpcf7-form-control-wrap your-url\" data-name=\"your-url\"><input type=\"hidden\" name=\"your-url\" class=\"wpcf7-form-control wpcf7-hidden wpcf7dtx wpcf7dtx-hidden\" aria-invalid=\"false\" value=\"https:\/\/www.twintex-china.com\/pt\/pt\/wp-json\/wp\/v2\/pages\/10\"><\/span>\n\t<\/div>\n\t<div>\n\t\t<p><span class=\"wpcf7-form-control-wrap\" data-name=\"your-message\"><textarea cols=\"40\" rows=\"10\" maxlength=\"2000\" class=\"wpcf7-form-control wpcf7-textarea wpcf7-validates-as-required\" aria-required=\"true\" aria-invalid=\"false\" placeholder=\"Por favor, informe-nos das suas necessidades o mais especificamente poss\u00edvel.\" name=\"your-message\"><\/textarea><\/span>\n\t\t<\/p>\n\t<\/div>\n\t<div class=\"form-button\">\n\t\t<p><input class=\"wpcf7-form-control wpcf7-submit has-spinner\" type=\"submit\" value=\"Enviar mensagem\" \/>\n\t\t<\/p>\n\t<\/div>\n<\/div><div class=\"wpcf7-response-output\" aria-hidden=\"true\"><\/div>\n<input type=\"hidden\" name=\"trp-form-language\" value=\"pt\"\/><\/form>\n<\/div>\n<\/div><\/div><\/div><\/div><\/div><\/div><\/div><\/section>","protected":false},"excerpt":{"rendered":"In\u00edcioP\u00e1ginasContacte-nosSEDE Endere\u00e7o:4F., No.5, Baohong Rd., Xindian Dist., New Taipei City 23145, Taiwan CHINA E-mail:info@twintex.com.tw Telefone:+886-02-29150101 CHINA Endere\u00e7o:311 Mingzesheng Bldg, Tongsheng Industrial Park Rd., Dalang Sub-dist., Longhua Dist., Shenzhen, China 518109 E-mail:sales@twintex-china.com Telefone:+86-755-2812 9890 SEDE Por favor, preencha o formul\u00e1rio abaixo e entraremos em contacto consigo no prazo de 24 horas.","protected":false},"author":12,"featured_media":0,"parent":0,"menu_order":60,"comment_status":"closed","ping_status":"closed","template":"","meta":{"footnotes":""},"class_list":["post-10","page","type-page","status-publish","hentry"],"acf":[],"_links":{"self":[{"href":"https:\/\/www.twintex-china.com\/pt\/wp-json\/wp\/v2\/pages\/10","targetHints":{"allow":["GET"]}}],"collection":[{"href":"https:\/\/www.twintex-china.com\/pt\/wp-json\/wp\/v2\/pages"}],"about":[{"href":"https:\/\/www.twintex-china.com\/pt\/wp-json\/wp\/v2\/types\/page"}],"author":[{"embeddable":true,"href":"https:\/\/www.twintex-china.com\/pt\/wp-json\/wp\/v2\/users\/12"}],"replies":[{"embeddable":true,"href":"https:\/\/www.twintex-china.com\/pt\/wp-json\/wp\/v2\/comments?post=10"}],"version-history":[{"count":13,"href":"https:\/\/www.twintex-china.com\/pt\/wp-json\/wp\/v2\/pages\/10\/revisions"}],"predecessor-version":[{"id":33912,"href":"https:\/\/www.twintex-china.com\/pt\/wp-json\/wp\/v2\/pages\/10\/revisions\/33912"}],"wp:attachment":[{"href":"https:\/\/www.twintex-china.com\/pt\/wp-json\/wp\/v2\/media?parent=10"}],"curies":[{"name":"wp","href":"https:\/\/api.w.org\/{rel}","templated":true}]}}