{"id":82,"date":"2023-04-20T17:39:33","date_gmt":"2023-04-20T09:39:33","guid":{"rendered":"https:\/\/wp.qhdl.cn\/?page_id=82"},"modified":"2025-03-27T11:30:12","modified_gmt":"2025-03-27T03:30:12","slug":"preguntas-frecuentes","status":"publish","type":"page","link":"https:\/\/www.twintex-china.com\/es\/faq-html","title":{"rendered":"Preguntas frecuentes"},"content":{"rendered":"<section class=\"l-section wpb_row us_custom_fa07e175 height_huge color_secondary with_img\"><div class=\"l-section-img\" role=\"img\" aria-label=\"Imagen\" data-img-width=\"1903\" data-img-height=\"405\" style=\"background-image: url(https:\/\/www.twintex-china.com\/wp-content\/uploads\/2025\/03\/contact-menu-bg2.jpg);background-repeat: no-repeat;\"><\/div><div class=\"l-section-h i-cf\"><div class=\"g-cols vc_row via_grid cols_1 laptops-cols_inherit tablets-cols_1 mobiles-cols_1 valign_top type_default reversed stacking_default\" style=\"--columns-gap:0rem;\"><div class=\"wpb_column vc_column_container us_custom_fd43344c\"><div class=\"vc_column-inner\"><nav class=\"g-breadcrumbs us_custom_d44d8758 has_text_color separator_icon align_none\" itemscope itemtype=\"http:\/\/schema.org\/BreadcrumbList\"><div class=\"g-breadcrumbs-item\" itemscope itemprop=\"itemListElement\" itemtype=\"http:\/\/schema.org\/ListItem\"><a itemprop=\"item\" href=\"https:\/\/www.twintex-china.com\/es\/\"><span itemprop=\"name\">Inicio<\/span><\/a><meta itemprop=\"position\" content=\"1\"\/><\/div><div class=\"g-breadcrumbs-separator\"><i class=\"far fa-angle-right\"><\/i><\/div><div class=\"g-breadcrumbs-item\">P\u00e1ginas<\/div><\/nav><h1 class=\"w-text us_custom_861d644d\"><span class=\"w-text-h\"><span class=\"w-text-value\">PREGUNTAS FRECUENTES<\/span><\/span><\/h1><\/div><\/div><\/div><\/div><\/section><section class=\"l-section wpb_row us_custom_bb234f3f has_text_color height_large width_custom\" style=\"--site-content-width:1140px;\"><div class=\"l-section-overlay\" style=\"background:rgba(255,255,255,0.8)\"><\/div><div class=\"l-section-h i-cf\"><div class=\"g-cols vc_row via_grid cols_2-1 laptops-cols_inherit tablets-cols_inherit mobiles-cols_1 valign_top type_default stacking_default\" style=\"--columns-gap:0px;\"><div class=\"wpb_column vc_column_container\"><div class=\"vc_column-inner\"><div class=\"wpb_text_column\"><div class=\"wpb_wrapper\"><p>Con m\u00e1s de 10 a\u00f1os de experiencia en servicios OEM y ODM, nuestro equipo de ventas y nuestro equipo t\u00e9cnico est\u00e1n siempre disponibles para comprobar y discutir los detalles de sus requisitos. Vamos a hacer esfuerzos continuos para mejorar las capacidades de I + D, fabricaci\u00f3n y comercializaci\u00f3n para ofrecer productos cada vez m\u00e1s fiables y llevar los mejores valores a todos los clientes.<\/p>\n<\/div><\/div><div class=\"w-tabs style_default switch_click accordion remove_indents\" style=\"--sections-title-size:inherit\"><div class=\"w-tabs-sections titles-align_none icon_triangle cpos_right\"><div class=\"w-tabs-section active\" id=\"v803\"><button class=\"w-tabs-section-header active\" aria-controls=\"content-v803\" aria-expanded=\"true\"><h4 class=\"w-tabs-section-title\">1.\u00bfQu\u00e9 es el modo CC y CV?<\/h4><div class=\"w-tabs-section-control\"><\/div><\/button><div  class=\"w-tabs-section-content\" id=\"content-v803\"><div class=\"w-tabs-section-content-h i-cf\"><div class=\"wpb_text_column\"><div class=\"wpb_wrapper\"><p>Una fuente de alimentaci\u00f3n de CC debe suministrar tensi\u00f3n y corriente en modo de tensi\u00f3n constante (CV) o corriente constante (CC) dentro del rango de salida nominal. Estas caracter\u00edsticas de funcionamiento se denominan conmutaci\u00f3n autom\u00e1tica de tensi\u00f3n constante\/corriente constante. Esto permite una transici\u00f3n continua de los modos de corriente constante a tensi\u00f3n constante en respuesta al cambio de carga. La intersecci\u00f3n de los modos de tensi\u00f3n constante y corriente constante se denomina punto de cruce. La figura siguiente muestra la relaci\u00f3n entre este punto de cruce y la carga.<\/p>\n<p><img loading=\"lazy\" decoding=\"async\" class=\"alignnone size-full wp-image-33435\" src=\"https:\/\/twintex-china.com\/wp-content\/uploads\/2025\/03\/faq-1.png\" alt=\"\" width=\"397\" height=\"227\" \/><\/p>\n<p>En el modo CV, se proporciona una tensi\u00f3n de salida regulada. La tensi\u00f3n de salida permanece constante a medida que aumenta la carga, mientras que la corriente de salida cambia en respuesta a los cambios de carga, hasta que se alcanza el punto l\u00edmite de corriente actual. En ese punto, la corriente de salida se vuelve constante y la tensi\u00f3n de salida cae en proporci\u00f3n a los nuevos aumentos de carga.<\/p>\n<p>Del mismo modo, en el modo CC, el paso del modo CC al CV se produce autom\u00e1ticamente a partir de una disminuci\u00f3n de la carga. Se proporciona una corriente de salida regulada. La corriente de salida permanece constante a medida que disminuye la carga, mientras que la tensi\u00f3n de salida cambia en respuesta a los cambios de carga.<\/p>\n<p>Una fuente de alimentaci\u00f3n con modos de funcionamiento CV y CC s\u00f3lo puede funcionar en un modo seg\u00fan la situaci\u00f3n de carga. La fuente de alimentaci\u00f3n est\u00e1 en modo CV cuando la carga real es superior a la capacidad de carga preestablecida; y la fuente de alimentaci\u00f3n est\u00e1 en modo CC cuando la carga real es inferior a la capacidad de carga preestablecida.<\/p>\n<\/div><\/div><\/div><\/div><\/div><div class=\"w-tabs-section\" id=\"qa10\"><button class=\"w-tabs-section-header\" aria-controls=\"content-qa10\" aria-expanded=\"false\"><h4 class=\"w-tabs-section-title\">2.\u00bfC\u00f3mo utilizar la fuente de alimentaci\u00f3n de CC con una carga capacitiva?<\/h4><div class=\"w-tabs-section-control\"><\/div><\/button><div  class=\"w-tabs-section-content\" id=\"content-qa10\"><div class=\"w-tabs-section-content-h i-cf\"><div class=\"wpb_text_column ulBlock\"><div class=\"wpb_wrapper\"><p>Cuando la fuente de alimentaci\u00f3n est\u00e1 conectada a una carga capacitiva grande, siempre provoca un aumento de la tensi\u00f3n de salida en una fuente de alimentaci\u00f3n. La tensi\u00f3n de salida puede aumentar r\u00e1pidamente hasta el punto de protecci\u00f3n contra sobretensi\u00f3n. Tambi\u00e9n puede disminuir lentamente cuando se reduce la tensi\u00f3n de salida.<\/p>\n<p>Para resolver este problema, conecta una resistencia de potencia en paralelo a los terminales de salida de la fuente de alimentaci\u00f3n; al mismo tiempo, conecta un diodo en serie entre los terminales de salida y la carga.<\/p>\n<p><img loading=\"lazy\" decoding=\"async\" class=\"alignnone size-full wp-image-33437\" src=\"https:\/\/twintex-china.com\/wp-content\/uploads\/2025\/03\/faq-2.png\" alt=\"\" width=\"454\" height=\"130\" \/><\/p>\n<\/div><\/div><\/div><\/div><\/div><div class=\"w-tabs-section\" id=\"pc00\"><button class=\"w-tabs-section-header\" aria-controls=\"content-pc00\" aria-expanded=\"false\"><h4 class=\"w-tabs-section-title\">3.\u00bfC\u00f3mo utilizar la fuente de alimentaci\u00f3n de CC con una carga inductiva?<\/h4><div class=\"w-tabs-section-control\"><\/div><\/button><div  class=\"w-tabs-section-content\" id=\"content-pc00\"><div class=\"w-tabs-section-content-h i-cf\"><div class=\"wpb_text_column\"><div class=\"wpb_wrapper\"><p>Cuando se conecta una carga inductiva a la fuente de alimentaci\u00f3n, provocar\u00e1 una fuerza motriz el\u00e9ctrica de inducci\u00f3n de polaridad inversa cuando se encienda o apague la fuente de alimentaci\u00f3n, o cuando se preajuste la tensi\u00f3n de salida. El ruido de impulsos causado por una carga inductiva tambi\u00e9n afectar\u00e1 a la fuente de alimentaci\u00f3n, especialmente cuando el ruido de impulsos tiene la misma polaridad que la salida de la fuente de alimentaci\u00f3n.<\/p>\n<p>Para evitar efectos o da\u00f1os en la fuente de alimentaci\u00f3n, conecte un diodo en serie entre los terminales de salida de la fuente de alimentaci\u00f3n y la carga; al mismo tiempo, conecte una resistencia de potencia y un condensador en paralelo a la carga para formar un circuito R-C amortiguado, que limitar\u00e1 significativamente la generaci\u00f3n de ruido.<\/p>\n<p><img loading=\"lazy\" decoding=\"async\" class=\"alignnone size-full wp-image-33438\" src=\"https:\/\/twintex-china.com\/wp-content\/uploads\/2025\/03\/faq-3.png\" alt=\"\" width=\"454\" height=\"128\" \/><\/p>\n<\/div><\/div><\/div><\/div><\/div><div class=\"w-tabs-section\" id=\"gdbe\"><button class=\"w-tabs-section-header\" aria-controls=\"content-gdbe\" aria-expanded=\"false\"><h4 class=\"w-tabs-section-title\">4.\u00bfC\u00f3mo cargar una bater\u00eda con una fuente de alimentaci\u00f3n de CC?<\/h4><div class=\"w-tabs-section-control\"><\/div><\/button><div  class=\"w-tabs-section-content\" id=\"content-gdbe\"><div class=\"w-tabs-section-content-h i-cf\"><div class=\"wpb_text_column\"><div class=\"wpb_wrapper\"><p>Cuando utilice la fuente de alimentaci\u00f3n para cargar una bater\u00eda, como acumuladores y bater\u00edas de ni-mh, las medidas de protecci\u00f3n recomendadas consisten en conectar un diodo entre la fuente de alimentaci\u00f3n y la bater\u00eda. Cuando se carga el condensador electrol\u00edtico de salida de la fuente de alimentaci\u00f3n, la conexi\u00f3n de una carga (bater\u00eda) puede provocar chispas. Esto es normal. Cuando ambos alcancen el mismo voltaje, las chispas desaparecer\u00e1n.<\/p>\n<p><img loading=\"lazy\" decoding=\"async\" class=\"alignnone size-full wp-image-33440\" src=\"https:\/\/twintex-china.com\/wp-content\/uploads\/2025\/03\/faq-4.png\" alt=\"\" width=\"454\" height=\"130\" \/><\/p>\n<\/div><\/div><\/div><\/div><\/div><div class=\"w-tabs-section\" id=\"hf7a\"><button class=\"w-tabs-section-header\" aria-controls=\"content-hf7a\" aria-expanded=\"false\"><h4 class=\"w-tabs-section-title\">5.\u00bfC\u00f3mo utilizar la fuente de alimentaci\u00f3n de CC con una carga de impulsos?<\/h4><div class=\"w-tabs-section-control\"><\/div><\/button><div  class=\"w-tabs-section-content\" id=\"content-hf7a\"><div class=\"w-tabs-section-content-h i-cf\"><div class=\"wpb_text_column\"><div class=\"wpb_wrapper\"><p>Aunque la corriente de pico de una carga de impulsos, como un motor, una bombilla o un m\u00f3dulo convertidor CC-CC o CC-CA, no supere la corriente nominal de la fuente de alimentaci\u00f3n, tambi\u00e9n provocar\u00e1 una ca\u00edda de tensi\u00f3n o inestabilidad en la salida.<\/p>\n<p>Una soluci\u00f3n b\u00e1sica es conectar un inductor en serie entre la fuente de alimentaci\u00f3n y la carga. O bien, elegir una fuente de alimentaci\u00f3n con mayor corriente nominal. Si el circuito de impulsos tiene una anchura de impulsos peque\u00f1a o una corriente de pico baja, otra soluci\u00f3n es conectar un condensador de gran capacidad. Una referencia para elegir la capacidad de un condensador es: 1000uF de capacidad para una corriente de 1A.<\/p>\n<p><img loading=\"lazy\" decoding=\"async\" class=\"alignnone size-full wp-image-33441\" src=\"https:\/\/twintex-china.com\/wp-content\/uploads\/2025\/03\/faq-5.png\" alt=\"\" width=\"454\" height=\"126\" \/><\/p>\n<\/div><\/div><\/div><\/div><\/div><div class=\"w-tabs-section\" id=\"t15a\"><button class=\"w-tabs-section-header\" aria-controls=\"content-t15a\" aria-expanded=\"false\"><h4 class=\"w-tabs-section-title\">6.\u00bfC\u00f3mo proteger la fuente de alimentaci\u00f3n de CC de la corriente de polaridad inversa?<\/h4><div class=\"w-tabs-section-control\"><\/div><\/button><div  class=\"w-tabs-section-content\" id=\"content-t15a\"><div class=\"w-tabs-section-content-h i-cf\"><div class=\"wpb_text_column\"><div class=\"wpb_wrapper\"><p>Cuando la fuente de alimentaci\u00f3n est\u00e1 conectada a una carga que causar\u00e1 corriente de polaridad inversa a la salida de la fuente de alimentaci\u00f3n, la tensi\u00f3n de salida aumentar\u00e1, porque la fuente de alimentaci\u00f3n no puede absorber la corriente de polaridad inversa de la carga.<\/p>\n<p>Una soluci\u00f3n es conectar un diodo en serie entre el terminal de salida y la carga; al mismo tiempo, conecte una resistencia de descarga en paralelo a la carga para absorber la corriente de polaridad inversa. Cuando la corriente de polaridad inversa sea de pico, conecte el condensador electrol\u00edtico grande en paralelo a los dos extremos de la carga.<\/p>\n<p><img loading=\"lazy\" decoding=\"async\" class=\"alignnone size-full wp-image-33442\" src=\"https:\/\/twintex-china.com\/wp-content\/uploads\/2025\/03\/faq-6.png\" alt=\"\" width=\"454\" height=\"126\" \/><\/p>\n<\/div><\/div><\/div><\/div><\/div><div class=\"w-tabs-section\" id=\"b216\"><button class=\"w-tabs-section-header\" aria-controls=\"content-b216\" aria-expanded=\"false\"><h4 class=\"w-tabs-section-title\">7: \u00bfC\u00f3mo utilizar la fuente de alimentaci\u00f3n de CC con una carga capacitiva?<\/h4><div class=\"w-tabs-section-control\"><\/div><\/button><div  class=\"w-tabs-section-content\" id=\"content-b216\"><div class=\"w-tabs-section-content-h i-cf\"><div class=\"wpb_text_column\"><div class=\"wpb_wrapper\"><p>Cuando la fuente de alimentaci\u00f3n est\u00e1 conectada a una carga capacitiva grande, siempre provoca un aumento de la tensi\u00f3n de salida en una fuente de alimentaci\u00f3n. La tensi\u00f3n de salida puede aumentar r\u00e1pidamente hasta el punto de protecci\u00f3n contra sobretensi\u00f3n. Para resolver este problema, conecte una resistencia de potencia en paralelo a los terminales de salida de la fuente de alimentaci\u00f3n; al mismo tiempo, conecte un diodo en serie entre los terminales de salida y la carga.<\/p>\n<\/div><\/div><\/div><\/div><\/div><\/div><\/div><\/div><\/div><div class=\"wpb_column vc_column_container us_custom_d91cba17\"><div class=\"vc_column-inner\"><div class=\"w-vwrapper us_custom_6ae28862 align_none valign_top\"><div class=\"wpb_text_column us_custom_6088c337 has_text_color\"><div class=\"wpb_wrapper\"><h3>Contacte con nosotros<\/h3>\n<p class=\"mb-4 text-color-light\">P\u00f3ngase en contacto con nosotros o ll\u00e1menos para descubrir c\u00f3mo podemos ayudarle.<\/p>\n<\/div><\/div>\n<div class=\"wpcf7 no-js contactInfo\" id=\"wpcf7-f32323-o1\" lang=\"en-US\" dir=\"ltr\" data-wpcf7-id=\"32323\">\n<div class=\"screen-reader-response\"><p role=\"status\" aria-live=\"polite\" aria-atomic=\"true\"><\/p> <ul><\/ul><\/div>\n<form action=\"\/es\/wp-json\/wp\/v2\/pages\/82#wpcf7-f32323-o1\" method=\"post\" class=\"wpcf7-form init\" aria-label=\"Formulario de contacto\" novalidate=\"novalidate\" data-status=\"init\" data-trp-original-action=\"\/es\/wp-json\/wp\/v2\/pages\/82#wpcf7-f32323-o1\">\n<fieldset class=\"hidden-fields-container\"><input type=\"hidden\" name=\"_wpcf7\" value=\"32323\" \/><input type=\"hidden\" name=\"_wpcf7_version\" value=\"6.1.5\" \/><input type=\"hidden\" name=\"_wpcf7_locale\" value=\"en_US\" \/><input type=\"hidden\" name=\"_wpcf7_unit_tag\" value=\"wpcf7-f32323-o1\" \/><input type=\"hidden\" name=\"_wpcf7_container_post\" value=\"0\" \/><input type=\"hidden\" name=\"_wpcf7_posted_data_hash\" value=\"\" \/><input type=\"hidden\" name=\"_wpcf7dtx_version\" value=\"5.0.5\" \/><input type=\"hidden\" name=\"_wpcf7_recaptcha_response\" value=\"\" \/>\n<\/fieldset>\n<div class=\"contactPage\">\n\t<div class=\"outer\">\n\t\t<div class=\"inner\">\n\t\t\t<p><span class=\"wpcf7-form-control-wrap\" data-name=\"your-name\"><input size=\"40\" maxlength=\"400\" class=\"wpcf7-form-control wpcf7-text wpcf7-validates-as-required\" aria-required=\"true\" aria-invalid=\"false\" placeholder=\"Su nombre*\" value=\"\" type=\"text\" name=\"your-name\" \/><\/span>\n\t\t\t<\/p>\n\t\t<\/div>\n\t\t<div class=\"inner\">\n\t\t\t<p><span class=\"wpcf7-form-control-wrap\" data-name=\"your-email\"><input size=\"40\" maxlength=\"400\" class=\"wpcf7-form-control wpcf7-email wpcf7-validates-as-required wpcf7-text wpcf7-validates-as-email\" aria-required=\"true\" aria-invalid=\"false\" placeholder=\"Direcci\u00f3n de correo electr\u00f3nico\" value=\"\" type=\"email\" name=\"your-email\" \/><\/span>\n\t\t\t<\/p>\n\t\t<\/div>\n\t<\/div>\n\t<div class=\"outer\">\n\t\t<div class=\"inner\">\n\t\t\t<p><span class=\"wpcf7-form-control-wrap\" data-name=\"your-tel\"><input size=\"40\" maxlength=\"400\" class=\"wpcf7-form-control wpcf7-tel wpcf7-validates-as-required wpcf7-text wpcf7-validates-as-tel\" aria-required=\"true\" aria-invalid=\"false\" placeholder=\"Tu tel\u00e9fono*\" value=\"\" type=\"tel\" name=\"your-tel\" \/><\/span>\n\t\t\t<\/p>\n\t\t<\/div>\n\t\t<div class=\"inner\">\n\t\t\t<p><span class=\"wpcf7-form-control-wrap\" data-name=\"your-country\"><input size=\"40\" maxlength=\"400\" class=\"wpcf7-form-control wpcf7-text wpcf7-validates-as-required\" aria-required=\"true\" aria-invalid=\"false\" placeholder=\"Pa\u00eds o regi\u00f3n\" value=\"\" type=\"text\" name=\"your-country\" \/><\/span>\n\t\t\t<\/p>\n\t\t<\/div>\n\t<\/div>\n\t<div style=\"display:none\">\n\t<span class=\"wpcf7-form-control-wrap your-url\" data-name=\"your-url\"><input type=\"hidden\" name=\"your-url\" class=\"wpcf7-form-control wpcf7-hidden wpcf7dtx wpcf7dtx-hidden\" aria-invalid=\"false\" value=\"https:\/\/www.twintex-china.com\/es\/es\/wp-json\/wp\/v2\/pages\/82\"><\/span>\n\t<\/div>\n\t<div>\n\t\t<p><span class=\"wpcf7-form-control-wrap\" data-name=\"your-message\"><textarea cols=\"40\" rows=\"10\" maxlength=\"2000\" class=\"wpcf7-form-control wpcf7-textarea wpcf7-validates-as-required\" aria-required=\"true\" aria-invalid=\"false\" placeholder=\"H\u00e1ganos saber sus necesidades de la forma m\u00e1s concreta posible.\" name=\"your-message\"><\/textarea><\/span>\n\t\t<\/p>\n\t<\/div>\n\t<div class=\"form-button\">\n\t\t<p><input class=\"wpcf7-form-control wpcf7-submit has-spinner\" type=\"submit\" value=\"Enviar mensaje\" \/>\n\t\t<\/p>\n\t<\/div>\n<\/div><div class=\"wpcf7-response-output\" aria-hidden=\"true\"><\/div>\n<input type=\"hidden\" name=\"trp-form-language\" value=\"es\"\/><\/form>\n<\/div>\n<\/div><div class=\"w-separator size_small\"><\/div><h3 class=\"w-text\"><span class=\"w-text-h\"><span class=\"w-text-value\">Qui\u00e9nes somos<\/span><\/span><\/h3><div class=\"wpb_text_column us_custom_f73f4019\"><div class=\"wpb_wrapper\"><p>Con la honestidad, la innovaci\u00f3n y la continuaci\u00f3n como n\u00facleo de la cultura empresarial, Twintex se ha convertido gradualmente en un fabricante de instrumentos de prueba y medici\u00f3n, con productos que incluyen osciloscopio, generador de forma de onda\/funci\u00f3n, fuente de alimentaci\u00f3n de CC, fuente de alimentaci\u00f3n de CA, mult\u00edmetro, medidor de LCR y otros instrumentos de prueba y medici\u00f3n de uso general.<\/p>\n<\/div><\/div><div class=\"w-separator us_custom_f9960a2e size_custom\" style=\"height:1px\"><\/div><h3 class=\"w-text us_custom_f2eec366\"><span class=\"w-text-h\"><span class=\"w-text-value\">Nuestra oficina<\/span><\/span><\/h3><div class=\"w-iconbox us_custom_f2eec366 iconpos_left style_circle color_secondary align_none no_title\"><div class=\"w-iconbox-icon\" style=\"font-size:0.6rem;\"><i class=\"fas fa-map\"><\/i><\/div><div class=\"w-iconbox-meta\"><div class=\"w-iconbox-text\"><p><strong>Direcci\u00f3n:<\/strong> 4F., No.5, Baohong Rd., Xindian Dist., New Taipei City 23145, Taiwan CHINA<\/p>\n<\/div><\/div><\/div><div class=\"w-iconbox us_custom_f2eec366 iconpos_left style_circle color_secondary align_none no_title\"><div class=\"w-iconbox-icon\" style=\"font-size:0.6rem;\"><i class=\"fas fa-phone\"><\/i><\/div><div class=\"w-iconbox-meta\"><div class=\"w-iconbox-text\"><p><strong>Tel\u00e9fono:<\/strong>+86-755-2812 9890<\/p>\n<\/div><\/div><\/div><div class=\"w-iconbox iconpos_left style_circle color_secondary align_none no_title\"><div class=\"w-iconbox-icon\" style=\"font-size:0.6rem;\"><i class=\"fas fa-envelope\"><\/i><\/div><div class=\"w-iconbox-meta\"><div class=\"w-iconbox-text\"><p><strong>Correo electr\u00f3nico:<\/strong> <a href=\"mailto:sales@twintex-china.com\">sales@twintex-china.com<\/a><\/p>\n<\/div><\/div><\/div><\/div><\/div><\/div><\/div><\/section>","protected":false},"excerpt":{"rendered":"InicioP\u00e1ginasFAQFrom m\u00e1s de 10 a\u00f1os de experiencia en servicios de OEM y ODM, nuestro equipo de ventas y equipo t\u00e9cnico est\u00e1n siempre disponibles para comprobar y discutir sus detalles del requisito. Vamos a hacer esfuerzos continuos para mejorar las capacidades de I + D, fabricaci\u00f3n y comercializaci\u00f3n para ofrecer productos cada vez m\u00e1s fiables y llevar los mejores valores a cada cliente....","protected":false},"author":12,"featured_media":0,"parent":0,"menu_order":42,"comment_status":"closed","ping_status":"closed","template":"","meta":{"footnotes":""},"class_list":["post-82","page","type-page","status-publish","hentry"],"acf":[],"_links":{"self":[{"href":"https:\/\/www.twintex-china.com\/es\/wp-json\/wp\/v2\/pages\/82","targetHints":{"allow":["GET"]}}],"collection":[{"href":"https:\/\/www.twintex-china.com\/es\/wp-json\/wp\/v2\/pages"}],"about":[{"href":"https:\/\/www.twintex-china.com\/es\/wp-json\/wp\/v2\/types\/page"}],"author":[{"embeddable":true,"href":"https:\/\/www.twintex-china.com\/es\/wp-json\/wp\/v2\/users\/12"}],"replies":[{"embeddable":true,"href":"https:\/\/www.twintex-china.com\/es\/wp-json\/wp\/v2\/comments?post=82"}],"version-history":[{"count":15,"href":"https:\/\/www.twintex-china.com\/es\/wp-json\/wp\/v2\/pages\/82\/revisions"}],"predecessor-version":[{"id":33913,"href":"https:\/\/www.twintex-china.com\/es\/wp-json\/wp\/v2\/pages\/82\/revisions\/33913"}],"wp:attachment":[{"href":"https:\/\/www.twintex-china.com\/es\/wp-json\/wp\/v2\/media?parent=82"}],"curies":[{"name":"wp","href":"https:\/\/api.w.org\/{rel}","templated":true}]}}